{"id":6371,"date":"2023-12-28T11:51:34","date_gmt":"2023-12-28T10:51:34","guid":{"rendered":"https:\/\/originalecopatents.com\/folisu-fuer-obst\/"},"modified":"2023-12-28T13:25:42","modified_gmt":"2023-12-28T12:25:42","slug":"folisu-fuer-obst","status":"publish","type":"page","link":"https:\/\/originalecopatents.com\/de\/folisu-fuer-obst\/","title":{"rendered":"FOLISU F\u00dcR OBST"},"content":{"rendered":"\t\t<div data-elementor-type=\"wp-page\" data-elementor-id=\"6371\" class=\"elementor elementor-6371 elementor-6331\">\n\t\t\t\t        <section class=\"elementor-section elementor-top-section elementor-element elementor-element-a57c387 elementor-section-boxed elementor-section-height-default elementor-section-height-default ct-header-fixed-none ct-row-max-none\" data-id=\"a57c387\" data-element_type=\"section\">\n            \n                        <div class=\"elementor-container elementor-column-gap-default \">\n                    <div class=\"elementor-column elementor-col-100 elementor-top-column elementor-element elementor-element-f3d3ca4\" data-id=\"f3d3ca4\" data-element_type=\"column\">\n        <div class=\"elementor-widget-wrap elementor-element-populated\">\n                    \n        \t\t<div class=\"elementor-element elementor-element-fb0b11f elementor-widget elementor-widget-slider_revolution\" data-id=\"fb0b11f\" data-element_type=\"widget\" data-widget_type=\"slider_revolution.default\">\n\t\t\t\t<div class=\"elementor-widget-container\">\n\t\t\t\n\t\t<div class=\"wp-block-themepunch-revslider\">\n\t\t\t<!-- START Folisu za vo\u0107e eng REVOLUTION SLIDER 6.7.23 --><p class=\"rs-p-wp-fix\"><\/p>\n\t\t\t<rs-module-wrap id=\"rev_slider_4_1_wrapper\" data-source=\"gallery\" style=\"visibility:hidden;background:transparent;padding:0;margin:0px auto;margin-top:0;margin-bottom:0;\">\n\t\t\t\t<rs-module id=\"rev_slider_4_1\" style=\"\" data-version=\"6.7.23\">\n\t\t\t\t\t<rs-slides style=\"overflow: hidden; position: absolute;\">\n\t\t\t\t\t\t<rs-slide style=\"position: absolute;\" data-key=\"rs-5\" data-title=\"Slide\" data-in=\"o:0;\" data-out=\"a:false;\">\n\t\t\t\t\t\t\t<img fetchpriority=\"high\" decoding=\"async\" src=\"\/\/originalecopatents.com\/wp-content\/plugins\/revslider\/sr6\/assets\/assets\/dummy.png\" alt=\"\" title=\"11289\" width=\"1500\" height=\"841\" class=\"rev-slidebg tp-rs-img rs-lazyload\" data-lazyload=\"\/\/originalecopatents.com\/wp-content\/uploads\/2023\/12\/11289.jpg\" data-no-retina>\n<!--\n\t\t\t\t\t\t\t--><rs-group\n\t\t\t\t\t\t\t\tid=\"slider-4-slide-5-layer-0\" \n\t\t\t\t\t\t\t\tdata-type=\"group\"\n\t\t\t\t\t\t\t\tdata-xy=\"xo:30px,30px,20px,20px;y:m;yo:43px,43px,0,0;\"\n\t\t\t\t\t\t\t\tdata-text=\"w:normal;s:20,16,12,7;l:0,20,15,9;\"\n\t\t\t\t\t\t\t\tdata-dim=\"w:800px;h:410px,410px,290px,290px;\"\n\t\t\t\t\t\t\t\tdata-rsp_bd=\"off\"\n\t\t\t\t\t\t\t\tdata-frame_0=\"o:1;\"\n\t\t\t\t\t\t\t\tdata-frame_999=\"o:0;st:w;sR:8700;sA:9000;\"\n\t\t\t\t\t\t\t\tstyle=\"z-index:8;\"\n\t\t\t\t\t\t\t><!--\n\t\t\t\t\t\t\t\t--><rs-layer\n\t\t\t\t\t\t\t\t\tid=\"slider-4-slide-5-layer-4\" \n\t\t\t\t\t\t\t\t\tdata-type=\"text\"\n\t\t\t\t\t\t\t\t\tdata-xy=\"xo:22px;yo:352px,352px,234px,234px;\"\n\t\t\t\t\t\t\t\t\tdata-pos=\"a\"\n\t\t\t\t\t\t\t\t\tdata-text=\"w:normal;s:20,20,20,16;l:25,25,25,16;\"\n\t\t\t\t\t\t\t\t\tdata-rsp_o=\"off\"\n\t\t\t\t\t\t\t\t\tdata-rsp_bd=\"off\"\n\t\t\t\t\t\t\t\t\tdata-frame_0=\"x:50;\"\n\t\t\t\t\t\t\t\t\tdata-frame_1=\"st:1300;sp:800;sR:1300;\"\n\t\t\t\t\t\t\t\t\tdata-frame_999=\"o:0;st:w;sR:6900;\"\n\t\t\t\t\t\t\t\t\tstyle=\"z-index:7;font-family:'Roboto';\"\n\t\t\t\t\t\t\t\t> \n\t\t\t\t\t\t\t\t<\/rs-layer><!--\n\n\t\t\t\t\t\t\t\t--><rs-layer\n\t\t\t\t\t\t\t\t\tid=\"slider-4-slide-5-layer-3\" \n\t\t\t\t\t\t\t\t\tdata-type=\"text\"\n\t\t\t\t\t\t\t\t\tdata-xy=\"yo:229px,229px,136px,136px;\"\n\t\t\t\t\t\t\t\t\tdata-pos=\"a\"\n\t\t\t\t\t\t\t\t\tdata-text=\"w:normal;s:19,19,16,15;l:31,31,28,28;fw:700;\"\n\t\t\t\t\t\t\t\t\tdata-dim=\"w:380px,380px,360px,320px;\"\n\t\t\t\t\t\t\t\t\tdata-rsp_o=\"off\"\n\t\t\t\t\t\t\t\t\tdata-rsp_bd=\"off\"\n\t\t\t\t\t\t\t\t\tdata-frame_0=\"y:50;\"\n\t\t\t\t\t\t\t\t\tdata-frame_1=\"st:1100;sp:800;sR:1100;\"\n\t\t\t\t\t\t\t\t\tdata-frame_999=\"o:0;st:w;sR:7100;\"\n\t\t\t\t\t\t\t\t\tstyle=\"z-index:6;font-family:'Roboto';\"\n\t\t\t\t\t\t\t\t> \n\t\t\t\t\t\t\t\t<\/rs-layer><!--\n\t\t\t\t\t\t\t--><\/rs-group><!--\n\n\t\t\t\t\t\t\t--><rs-layer\n\t\t\t\t\t\t\t\tid=\"slider-4-slide-5-layer-1\" \n\t\t\t\t\t\t\t\tdata-type=\"text\"\n\t\t\t\t\t\t\t\tdata-color=\"#0c0c0c\"\n\t\t\t\t\t\t\t\tdata-xy=\"xo:36;yo:189;\"\n\t\t\t\t\t\t\t\tdata-text=\"w:normal;s:16;l:28;fw:700;\"\n\t\t\t\t\t\t\t\tdata-rsp_o=\"off\"\n\t\t\t\t\t\t\t\tdata-rsp_bd=\"off\"\n\t\t\t\t\t\t\t\tdata-frame_0=\"x:50;\"\n\t\t\t\t\t\t\t\tdata-frame_1=\"st:700;sp:800;sR:700;\"\n\t\t\t\t\t\t\t\tdata-frame_999=\"o:0;st:w;sR:7500;\"\n\t\t\t\t\t\t\t\tstyle=\"z-index:7;font-family:'Roboto';text-transform:uppercase;\"\n\t\t\t\t\t\t\t>Original Eco Patents \n\t\t\t\t\t\t\t<\/rs-layer><!--\n\n\t\t\t\t\t\t\t--><rs-layer\n\t\t\t\t\t\t\t\tid=\"slider-4-slide-5-layer-2\" \n\t\t\t\t\t\t\t\tdata-type=\"text\"\n\t\t\t\t\t\t\t\tdata-color=\"#0c0c0c\"\n\t\t\t\t\t\t\t\tdata-xy=\"xo:32;yo:217;\"\n\t\t\t\t\t\t\t\tdata-text=\"w:normal;s:75,75,40,38;l:85,85,45,45;fw:700;\"\n\t\t\t\t\t\t\t\tdata-dim=\"w:872px;\"\n\t\t\t\t\t\t\t\tdata-rsp_o=\"off\"\n\t\t\t\t\t\t\t\tdata-wrpcls=\"text-under-color1\"\n\t\t\t\t\t\t\t\tdata-rsp_bd=\"off\"\n\t\t\t\t\t\t\t\tdata-frame_0=\"y:50;\"\n\t\t\t\t\t\t\t\tdata-frame_1=\"st:900;sp:800;sR:900;\"\n\t\t\t\t\t\t\t\tdata-frame_999=\"o:0;st:w;sR:7300;\"\n\t\t\t\t\t\t\t\tstyle=\"z-index:6;font-family:'Poppins';\"\n\t\t\t\t\t\t\t><u>FOLISU FOR FRUIT<\/u> <br \/>\n<u> \n\t\t\t\t\t\t\t<\/rs-layer><!--\n\n\t\t\t\t\t\t\t--><rs-layer\n\t\t\t\t\t\t\t\tid=\"slider-4-slide-5-layer-6\" \n\t\t\t\t\t\t\t\tdata-type=\"text\"\n\t\t\t\t\t\t\t\tdata-xy=\"xo:100px;y:b;yo:40px;\"\n\t\t\t\t\t\t\t\tdata-text=\"w:normal;s:20,16,12,7;l:25,20,15,9;\"\n\t\t\t\t\t\t\t\tdata-basealign=\"slide\"\n\t\t\t\t\t\t\t\tdata-rsp_o=\"off\"\n\t\t\t\t\t\t\t\tdata-rsp_bd=\"off\"\n\t\t\t\t\t\t\t\tdata-frame_0=\"y:50;\"\n\t\t\t\t\t\t\t\tdata-frame_1=\"st:1700;sp:1000;sR:1700;\"\n\t\t\t\t\t\t\t\tdata-frame_999=\"o:0;st:w;sR:6300;\"\n\t\t\t\t\t\t\t\tstyle=\"z-index:9;font-family:'Roboto';\"\n\t\t\t\t\t\t\t> \n\t\t\t\t\t\t\t<\/rs-layer><!--\n-->\t\t\t\t\t<\/rs-slide>\n\t\t\t\t\t<\/rs-slides>\n\t\t\t\t<\/rs-module>\n\t\t\t\t<script>\n\t\t\t\t\tsetREVStartSize({c: 'rev_slider_4_1',rl:[1240,1024,778,480],el:[912,912,680,560],gw:[1230,1024,778,480],gh:[912,912,680,560],type:'standard',justify:'',layout:'fullwidth',mh:\"0\"});if (window.RS_MODULES!==undefined && window.RS_MODULES.modules!==undefined && window.RS_MODULES.modules[\"revslider41\"]!==undefined) {window.RS_MODULES.modules[\"revslider41\"].once = false;window.revapi4 = undefined;if (window.RS_MODULES.checkMinimal!==undefined) window.RS_MODULES.checkMinimal()}\n\t\t\t\t<\/script>\n\t\t\t<\/rs-module-wrap>\n\t\t\t<!-- END REVOLUTION SLIDER -->\n<\/div>\n\n\t\t\t\t<\/div>\n\t\t\t\t<\/div>\n\t\t            <\/div>\n        <\/div>\n                    <\/div>\n        <\/section>\n                <section class=\"elementor-section elementor-top-section elementor-element elementor-element-5074886 elementor-section-boxed elementor-section-height-default elementor-section-height-default ct-header-fixed-none ct-row-max-none\" data-id=\"5074886\" data-element_type=\"section\">\n            \n                        <div class=\"elementor-container elementor-column-gap-default \">\n                    <div class=\"elementor-column elementor-col-100 elementor-top-column elementor-element elementor-element-2f895ec\" data-id=\"2f895ec\" data-element_type=\"column\">\n        <div class=\"elementor-widget-wrap elementor-element-populated\">\n                    \n        \t\t<div class=\"elementor-element elementor-element-aa0a008 elementor-widget elementor-widget-text-editor\" data-id=\"aa0a008\" data-element_type=\"widget\" data-widget_type=\"text-editor.default\">\n\t\t\t\t<div class=\"elementor-widget-container\">\n\t\t\t\t\t\t\t<p>Dieses Produkt kann auch sicher auf Obst verwendet werden.<br \/>Es wird durch ein spezielles technologisches Verfahren unter Verwendung nat\u00fcrlicher Inhaltsstoffe hergestellt, zu denen sowohl<br \/>Makroelemente und Mikroelemente f\u00fcr das Pflanzenwachstum.<br \/>Die Anwendung dieses Produkts erfordert keine besonderen Schutzma\u00dfnahmen, da es umweltfreundlich ist.<br \/>freundlich.<br \/>Die Pflanzen k\u00f6nnen die Feuchtigkeit aus der Luft nutzen und \u00fcber die Bl\u00e4tter und den Stamm zur Wurzel transportieren.<br \/>Die Pflanze verh\u00e4lt sich dann so, als h\u00e4tte sie sich entwickelt, weil sie in der Lage ist, Feuchtigkeit aus der Luft zu nutzen.<br \/>Luft und sichern so eine t\u00e4gliche Mindestmenge an Feuchtigkeit zur Aufrechterhaltung des Vegetationszyklus,<br \/>was zu einem guten Ertrag und einer guten Qualit\u00e4t der Kulturen f\u00fchrt.<br \/>Die Fakult\u00e4t f\u00fcr Landwirtschaft in Belgrad hat unter der Nummer 40\/121-4 eine positive Stellungnahme abgegeben,<br \/>Und f\u00fchrte die Produktklassifizierung als Blattbehandlungsmittel durch.<br \/>Das Erzeugnis ist beim Landwirtschaftsministerium mit einer Zulassungsbescheinigung f\u00fcr die Erzeugung registriert.<br \/>Nummer 321-01-01592\/2022-11 und ist vom Ministerium als umweltfreundliches Produkt deklariert<br \/>f\u00fcr Umweltschutz unter der Bescheinigungsnummer: 011-00-000682\/2022.<br \/>Dieses Produkt sichert einen guten Ertrag und eine gute Qualit\u00e4t der Pflanzen.<br \/>Dieses Produkt ist f\u00fcr die Blattbehandlung mit handels\u00fcblichen Spr\u00fchger\u00e4ten in einer Dosierung von 5 kg\/ha vorgesehen.<br \/>Das Produkt sollte mit Wasser im Verh\u00e4ltnis 1:60 gemischt werden.<br \/>Das Produkt sollte bis zu viermal innerhalb eines Vegetationszyklus gem\u00e4\u00df der folgenden Tabelle angewendet werden<br \/>den Weg, der die Behandlungsmethode f\u00fcr bestimmte Kulturen angibt.<\/p>\n\t\t\t\t\t\t<\/div>\n\t\t\t\t<\/div>\n\t\t            <\/div>\n        <\/div>\n                    <\/div>\n        <\/section>\n                <section class=\"elementor-section elementor-top-section elementor-element elementor-element-6b18645 elementor-section-boxed elementor-section-height-default elementor-section-height-default ct-header-fixed-none ct-row-max-none\" data-id=\"6b18645\" data-element_type=\"section\">\n            \n                        <div class=\"elementor-container elementor-column-gap-default \">\n                    <div class=\"elementor-column elementor-col-100 elementor-top-column elementor-element elementor-element-04fff98\" data-id=\"04fff98\" data-element_type=\"column\">\n        <div class=\"elementor-widget-wrap elementor-element-populated\">\n                    \n        \t\t<div class=\"elementor-element elementor-element-5e9ef6c elementor-widget elementor-widget-image\" data-id=\"5e9ef6c\" data-element_type=\"widget\" data-widget_type=\"image.default\">\n\t\t\t\t<div class=\"elementor-widget-container\">\n\t\t\t\t\t\t\t\t\t\t\t\t\t<img decoding=\"async\" width=\"640\" height=\"454\" src=\"https:\/\/originalecopatents.com\/wp-content\/uploads\/2023\/12\/Tabela-dupla-1024x726.png\" class=\"attachment-large size-large wp-image-4911\" alt=\"\" srcset=\"https:\/\/originalecopatents.com\/wp-content\/uploads\/2023\/12\/Tabela-dupla-1024x726.png 1024w, https:\/\/originalecopatents.com\/wp-content\/uploads\/2023\/12\/Tabela-dupla-300x213.png 300w, https:\/\/originalecopatents.com\/wp-content\/uploads\/2023\/12\/Tabela-dupla-768x544.png 768w, https:\/\/originalecopatents.com\/wp-content\/uploads\/2023\/12\/Tabela-dupla-600x425.png 600w, https:\/\/originalecopatents.com\/wp-content\/uploads\/2023\/12\/Tabela-dupla.png 1191w\" sizes=\"(max-width: 640px) 100vw, 640px\" \/>\t\t\t\t\t\t\t\t\t\t\t\t\t<\/div>\n\t\t\t\t<\/div>\n\t\t            <\/div>\n        <\/div>\n                    <\/div>\n        <\/section>\n        \t\t<\/div>\n\t\t","protected":false},"excerpt":{"rendered":"<p>Dieses Produkt kann auch sicher auf Obst verwendet werden.Es wird durch ein spezielles technologisches Verfahren unter Verwendung nat\u00fcrlicher Inhaltsstoffe hergestellt, zu denen sowohlMakroelemente und Mikroelemente f\u00fcr das Pflanzenwachstum.Die Anwendung dieses Produkts erfordert keine besonderen Schutzma\u00dfnahmen, da es umweltfreundlich ist.freundlich.Die Pflanzen k\u00f6nnen die Feuchtigkeit aus der Luft nutzen und \u00fcber die Bl\u00e4tter und den Stamm zur [&hellip;]<\/p>\n","protected":false},"author":1,"featured_media":6089,"parent":0,"menu_order":0,"comment_status":"closed","ping_status":"closed","template":"elementor_header_footer","meta":{"footnotes":""},"_links":{"self":[{"href":"https:\/\/originalecopatents.com\/de\/wp-json\/wp\/v2\/pages\/6371"}],"collection":[{"href":"https:\/\/originalecopatents.com\/de\/wp-json\/wp\/v2\/pages"}],"about":[{"href":"https:\/\/originalecopatents.com\/de\/wp-json\/wp\/v2\/types\/page"}],"author":[{"embeddable":true,"href":"https:\/\/originalecopatents.com\/de\/wp-json\/wp\/v2\/users\/1"}],"replies":[{"embeddable":true,"href":"https:\/\/originalecopatents.com\/de\/wp-json\/wp\/v2\/comments?post=6371"}],"version-history":[{"count":1,"href":"https:\/\/originalecopatents.com\/de\/wp-json\/wp\/v2\/pages\/6371\/revisions"}],"predecessor-version":[{"id":6372,"href":"https:\/\/originalecopatents.com\/de\/wp-json\/wp\/v2\/pages\/6371\/revisions\/6372"}],"wp:featuredmedia":[{"embeddable":true,"href":"https:\/\/originalecopatents.com\/de\/wp-json\/wp\/v2\/media\/6089"}],"wp:attachment":[{"href":"https:\/\/originalecopatents.com\/de\/wp-json\/wp\/v2\/media?parent=6371"}],"curies":[{"name":"wp","href":"https:\/\/api.w.org\/{rel}","templated":true}]}}