{"id":5732,"date":"2019-10-30T08:04:23","date_gmt":"2019-10-30T07:04:23","guid":{"rendered":"https:\/\/originalecopatents.com\/%d0%be-%d0%bd%d0%b0%d0%bc%d0%b0\/"},"modified":"2023-12-28T23:17:58","modified_gmt":"2023-12-28T22:17:58","slug":"o-%d0%bd%d0%b0%d0%bc%d0%b0","status":"publish","type":"page","link":"https:\/\/originalecopatents.com\/sr\/o-%d0%bd%d0%b0%d0%bc%d0%b0\/","title":{"rendered":"\u041e Nama"},"content":{"rendered":"\t\t<div data-elementor-type=\"wp-page\" data-elementor-id=\"5732\" class=\"elementor elementor-5732 elementor-26\">\n\t\t\t\t        <section class=\"elementor-section elementor-top-section elementor-element elementor-element-bf4d915 elementor-section-boxed elementor-section-height-default elementor-section-height-default ct-header-fixed-none ct-row-max-none\" data-id=\"bf4d915\" data-element_type=\"section\">\n            \n                        <div class=\"elementor-container elementor-column-gap-extended \">\n                    <div class=\"elementor-column elementor-col-50 elementor-top-column elementor-element elementor-element-5282614\" data-id=\"5282614\" data-element_type=\"column\">\n        <div class=\"elementor-widget-wrap elementor-element-populated\">\n                    \n        \t\t<div class=\"elementor-element elementor-element-9d091b6 elementor-widget elementor-widget-ct_heading\" data-id=\"9d091b6\" data-element_type=\"widget\" data-widget_type=\"ct_heading.default\">\n\t\t\t\t<div class=\"elementor-widget-container\">\n\t\t\t<div id=\"ct_heading-9d091b6\" class=\"ct-heading h-align- sub- ct-heading-left item-st-line-left1\">\r\n\t<div class=\"ct-item--inner\">\r\n        <div class=\"ct-inline-css\"  data-css=\"\r\n            \">\r\n        <\/div>\r\n                <h3 class=\"item--title st-line-left1 case-animate-time\" data-wow-delay=\"ms\">\r\n                        <span class=\"sp-main\">\r\n                                    <i><\/i>\r\n                \r\n                Dobro do\u0161li u na\u0161 svet inovativnosti\r\n                \r\n                            <\/span>\r\n                    <\/h3>\r\n    <\/div>\r\n<\/div>\t\t<\/div>\n\t\t\t\t<\/div>\n\t\t        <section class=\"elementor-section elementor-inner-section elementor-element elementor-element-6b326e2 elementor-section-boxed elementor-section-height-default elementor-section-height-default ct-header-fixed-none ct-row-max-none\" data-id=\"6b326e2\" data-element_type=\"section\">\n            \n                        <div class=\"elementor-container elementor-column-gap-extended \">\n                    <div class=\"elementor-column elementor-col-100 elementor-inner-column elementor-element elementor-element-71555f1\" data-id=\"71555f1\" data-element_type=\"column\">\n        <div class=\"elementor-widget-wrap elementor-element-populated\">\n                    \n        \t\t<div class=\"elementor-element elementor-element-176c3a2 elementor-widget elementor-widget-text-editor\" data-id=\"176c3a2\" data-element_type=\"widget\" data-widget_type=\"text-editor.default\">\n\t\t\t\t<div class=\"elementor-widget-container\">\n\t\t\t\t\t\t\t<p>gde ideje postaju stvarnost, a re\u0161enja postavljaju nove standarde. Na\u0161a pri\u010da je pri\u010da o strastvenom timu, istra\u017eiva\u010dima, vizionarima i entuzijastima, posve\u0107enim stvaranju odr\u017eivih re\u0161enja za svet oko nas. Na\u0161a kompanija\u00a0 Original Eco patents ne samo da prati trendove ve\u0107 ih i postavlja, vo\u0111eni \u017eeljom da doprinesemo pozitivnim promenama u na\u0161em dru\u0161tvu.<\/p><p>Iz dubine ideja izranjaju inovacije koje ne samo da donose promene ve\u0107 i otvaraju nove horizonte. Na\u0161e putovanje je rezultat vi\u0161egodi\u0161njeg truda, napornog rada i posve\u0107enosti izgradnji bolje budu\u0107nosti. Svaka inovacija je po\u010detak \u2013 po\u010detak vizije koja \u0107e oblikovati na\u0161 svet. Bez obzira na prepreke koje nam \u017eivot postavlja na putu, nikada ne gubimo svoju odlu\u010dnost, crpe\u0107i energiju iz ovih izazova da napravimo razliku.<\/p>\t\t\t\t\t\t<\/div>\n\t\t\t\t<\/div>\n\t\t\t\t<div class=\"elementor-element elementor-element-dffa2c1 elementor-widget elementor-widget-image\" data-id=\"dffa2c1\" data-element_type=\"widget\" data-widget_type=\"image.default\">\n\t\t\t\t<div class=\"elementor-widget-container\">\n\t\t\t\t\t\t\t\t\t\t\t\t\t<img decoding=\"async\" width=\"350\" height=\"1\" src=\"https:\/\/originalecopatents.com\/wp-content\/uploads\/2019\/12\/about-gap.png\" class=\"attachment-full size-full wp-image-1896\" alt=\"\" srcset=\"https:\/\/originalecopatents.com\/wp-content\/uploads\/2019\/12\/about-gap.png 350w, https:\/\/originalecopatents.com\/wp-content\/uploads\/2019\/12\/about-gap-300x1.png 300w, https:\/\/originalecopatents.com\/wp-content\/uploads\/2019\/12\/about-gap-250x1.png 250w, https:\/\/originalecopatents.com\/wp-content\/uploads\/2019\/12\/about-gap-150x1.png 150w\" sizes=\"(max-width: 350px) 100vw, 350px\" \/>\t\t\t\t\t\t\t\t\t\t\t\t\t<\/div>\n\t\t\t\t<\/div>\n\t\t            <\/div>\n        <\/div>\n                    <\/div>\n        <\/section>\n                    <\/div>\n        <\/div>\n                <div class=\"elementor-column elementor-col-50 elementor-top-column elementor-element elementor-element-07e4861\" data-id=\"07e4861\" data-element_type=\"column\">\n        <div class=\"elementor-widget-wrap elementor-element-populated\">\n                    \n        \t\t<div class=\"elementor-element elementor-element-1548748 elementor-widget elementor-widget-image\" data-id=\"1548748\" data-element_type=\"widget\" data-widget_type=\"image.default\">\n\t\t\t\t<div class=\"elementor-widget-container\">\n\t\t\t\t\t\t\t\t\t\t\t\t\t<img fetchpriority=\"high\" decoding=\"async\" width=\"558\" height=\"631\" src=\"https:\/\/originalecopatents.com\/wp-content\/uploads\/2023\/09\/Folisu-About-Us.jpg\" class=\"attachment-full size-full wp-image-4271\" alt=\"\" srcset=\"https:\/\/originalecopatents.com\/wp-content\/uploads\/2023\/09\/Folisu-About-Us.jpg 558w, https:\/\/originalecopatents.com\/wp-content\/uploads\/2023\/09\/Folisu-About-Us-265x300.jpg 265w\" sizes=\"(max-width: 558px) 100vw, 558px\" \/>\t\t\t\t\t\t\t\t\t\t\t\t\t<\/div>\n\t\t\t\t<\/div>\n\t\t            <\/div>\n        <\/div>\n                    <\/div>\n        <\/section>\n                <section class=\"elementor-section elementor-top-section elementor-element elementor-element-3328b5d elementor-section-boxed elementor-section-height-default elementor-section-height-default ct-header-fixed-none ct-row-max-none\" data-id=\"3328b5d\" data-element_type=\"section\">\n            \n                        <div class=\"elementor-container elementor-column-gap-extended \">\n                    <div class=\"elementor-column elementor-col-100 elementor-top-column elementor-element elementor-element-2933d62\" data-id=\"2933d62\" data-element_type=\"column\">\n        <div class=\"elementor-widget-wrap elementor-element-populated\">\n                    \n                <section class=\"elementor-section elementor-inner-section elementor-element elementor-element-b7c7989 elementor-section-content-middle elementor-section-boxed elementor-section-height-default elementor-section-height-default ct-header-fixed-none ct-row-max-none\" data-id=\"b7c7989\" data-element_type=\"section\">\n            \n                        <div class=\"elementor-container elementor-column-gap-extended \">\n                    <div class=\"elementor-column elementor-col-100 elementor-inner-column elementor-element elementor-element-0399c33\" data-id=\"0399c33\" data-element_type=\"column\">\n        <div class=\"elementor-widget-wrap elementor-element-populated\">\n                    \n        \t\t<div class=\"elementor-element elementor-element-83f630e elementor-widget elementor-widget-text-editor\" data-id=\"83f630e\" data-element_type=\"widget\" data-widget_type=\"text-editor.default\">\n\t\t\t\t<div class=\"elementor-widget-container\">\n\t\t\t\t\t\t\t<p>Proteklih 15 godina donelo nam je niz turbulencija i neizvesnosti, ali smo iz ovih oluja iza\u0161li ja\u010di nego ikad. Na\u0161e tehnologije i re\u0161enja su proiza\u0161la iz direktnog suo\u010davanja sa zemljotresima, poplavama i drugim katastrofama. Umesto da se povu\u010demo, odlu\u010dili smo da se suo\u010dimo sa ovim problemima i stvorimo inovativne odgovore koji \u0107e nas za\u0161tititi u budu\u0107nosti.<\/p><p>Jedan od najzna\u010dajnijih izazova bilo je re\u0161avanje sve \u010de\u0161\u0107ih su\u0161a koje ugro\u017eavaju na\u0161e useve i poljoprivrednike. Ro\u0111ena iz ovog izazova, na\u0161a strastvena posve\u0107enost stvorila je re\u0161enja koja omogu\u0107avaju biljkama da izdr\u017ee su\u0161ne uslove i ostvare svoj puni potencijal. Na\u0161i proizvodi nisu samo tehnologija \u2013 oni su saveznici poljoprivrednicima, pru\u017eaju\u0107i im ve\u0107e poverenje u postizanje solidnih prinosa i zdravije useve.<\/p><p>Ekolo\u0161ka odr\u017eivost je sr\u017e na\u0161eg identiteta. Svaki korak na\u0161e proizvodnje, od sirovina do gotovih proizvoda, zasnovan je na odgovornosti prema prirodi. Kroz na\u0161e tehnologije za termi\u010dku i protivpo\u017earnu za\u0161titu, cilj nam je ne samo o\u010duvanje \u017eivotne sredine ve\u0107 i stvaranje bezbednijeg sveta za sve nas. Na\u0161a vizija je svet u kome ljudi i priroda koegzistiraju u harmoniji.<\/p>\t\t\t\t\t\t<\/div>\n\t\t\t\t<\/div>\n\t\t            <\/div>\n        <\/div>\n                    <\/div>\n        <\/section>\n                    <\/div>\n        <\/div>\n                    <\/div>\n        <\/section>\n                <section class=\"elementor-section elementor-top-section elementor-element elementor-element-a158a9e elementor-section-stretched elementor-section-boxed elementor-section-height-default elementor-section-height-default ct-header-fixed-none ct-row-max-none\" data-id=\"a158a9e\" data-element_type=\"section\" data-settings=\"{&quot;stretch_section&quot;:&quot;section-stretched&quot;,&quot;background_background&quot;:&quot;classic&quot;}\">\n                            <div class=\"elementor-background-overlay\"><\/div>\n                \n                        <div class=\"elementor-container elementor-column-gap-extended \">\n                    <div class=\"elementor-column elementor-col-100 elementor-top-column elementor-element elementor-element-30c4d43\" data-id=\"30c4d43\" data-element_type=\"column\">\n        <div class=\"elementor-widget-wrap elementor-element-populated\">\n                    \n                <section class=\"elementor-section elementor-inner-section elementor-element elementor-element-7a3aa06 elementor-section-content-middle elementor-section-boxed elementor-section-height-default elementor-section-height-default ct-header-fixed-none ct-row-max-none\" data-id=\"7a3aa06\" data-element_type=\"section\">\n            \n                        <div class=\"elementor-container elementor-column-gap-extended \">\n                    <div class=\"elementor-column elementor-col-100 elementor-inner-column elementor-element elementor-element-0de7bd2\" data-id=\"0de7bd2\" data-element_type=\"column\">\n        <div class=\"elementor-widget-wrap elementor-element-populated\">\n                    \n        \t\t<div class=\"elementor-element elementor-element-7398b831 elementor-widget elementor-widget-text-editor\" data-id=\"7398b831\" data-element_type=\"widget\" data-widget_type=\"text-editor.default\">\n\t\t\t\t<div class=\"elementor-widget-container\">\n\t\t\t\t\t\t\t<p>Na\u0161 tim se sastoji od pojedinaca sa razli\u010ditim ve\u0161tinama, ali sa istom stra\u0161\u0107u za inovacijama. Dejan Tomi\u0107, direktor i Boris Laji\u0107, vlasnik, vode na\u0161u kompaniju sa posve\u0107eno\u0161\u0107u ostvarenju vizije. Mato Zubac, izumitelj, zajedno sa Draganom Juri\u0107em i Ljubomirom Subotinom, doprinose eksternim perspektivama i partnerstvima koja oboga\u0107uju na\u0161a re\u0161enja. Na\u0161a saradnja sa institucijama kao \u0161to su Poljoprivredna savetodavna slu\u017eba Sombor, Poljoprivredna savetodavna slu\u017eba Agronomi za za\u0161titu Vr\u0161ac, Matijevi\u0107 Agrar Futog, SALIX inger Alibunar, Sava Kova\u010devi\u0107 Vrbas, agronomi za za\u0161titu, Institut za kukuruz Zemun Polje i Laboratorija AD Be\u010dej \u010dini nas timom spremnim da se uhvati u ko\u0161tac sa raznim izazovima.<\/p><p>Na\u0161a posve\u0107enost inovacijama ne samo da re\u0161ava probleme ve\u0107 i postavlja nove standarde. Obra\u0107aju\u0107i se budu\u0107im izazovima, ostavljamo nasle\u0111e koje \u0107e oblikovati budu\u0107e generacije. Na\u0161i klijenti su partneri u dono\u0161enju ovih promena. Poljoprivrednici koji koriste na\u0161a re\u0161enja posti\u017eu ve\u0107e prinose i dosti\u017eu svoj maksimalni potencijal. Graditelji, brodograditelji i slu\u017ebe za za\u0161titu od po\u017eara koriste na\u0161e proizvode da stvore svet bezbednosti.<\/p><p>Na\u0161a strast nas pokre\u0107e, na\u0161a vizija nas vodi, a na\u0161i proizvodi ostavljaju dubok i trajan utisak. Ponosni smo na na\u0161e referentne projekte, kao \u0161to su saradnja sa PSS Sombor, Matijevi\u0107 Agrarom, Institutom za kukuruz Zemun Polje i dr. Na\u0161e prisustvo u industriji je neizbrisivo i inspiri\u0161e nas da idemo napred.<\/p><p>Na\u0161i ciljevi nisu samo poslovno orijentisani ve\u0107 i dru\u0161tveni. \u017delimo da na\u0161a re\u0161enja dopru do \u0161to ve\u0107eg broja ljudi i unaprede budu\u0107nost. Nastavi\u0107emo da radimo na pro\u0161irenju i pobolj\u0161anju na\u0161ih proizvoda, suo\u010davanju sa novim izazovima i prevazila\u017eenju na\u0161ih trenutnih mogu\u0107nosti.<\/p><p>Dobrodo\u0161li u svet inovacija, re\u0161enja i napretka &#8211; dobrodo\u0161li u na\u0161 svet gde svaka iskra postaje svetionik budu\u0107nosti, a svaki korak ostavlja ekolo\u0161ki trag!<\/p>\t\t\t\t\t\t<\/div>\n\t\t\t\t<\/div>\n\t\t            <\/div>\n        <\/div>\n                    <\/div>\n        <\/section>\n                    <\/div>\n        <\/div>\n                    <\/div>\n        <\/section>\n        \t\t<\/div>\n\t\t","protected":false},"excerpt":{"rendered":"<p>Dobro do\u0161li u na\u0161 svet inovativnosti gde ideje postaju stvarnost, a re\u0161enja postavljaju nove standarde. Na\u0161a pri\u010da je pri\u010da o strastvenom timu, istra\u017eiva\u010dima, vizionarima i entuzijastima, posve\u0107enim stvaranju odr\u017eivih re\u0161enja za svet oko nas. Na\u0161a kompanija\u00a0 Original Eco patents ne samo da prati trendove ve\u0107 ih i postavlja, vo\u0111eni \u017eeljom da doprinesemo pozitivnim promenama u [&hellip;]<\/p>\n","protected":false},"author":1,"featured_media":0,"parent":0,"menu_order":0,"comment_status":"closed","ping_status":"closed","template":"","meta":{"footnotes":""},"_links":{"self":[{"href":"https:\/\/originalecopatents.com\/sr\/wp-json\/wp\/v2\/pages\/5732"}],"collection":[{"href":"https:\/\/originalecopatents.com\/sr\/wp-json\/wp\/v2\/pages"}],"about":[{"href":"https:\/\/originalecopatents.com\/sr\/wp-json\/wp\/v2\/types\/page"}],"author":[{"embeddable":true,"href":"https:\/\/originalecopatents.com\/sr\/wp-json\/wp\/v2\/users\/1"}],"replies":[{"embeddable":true,"href":"https:\/\/originalecopatents.com\/sr\/wp-json\/wp\/v2\/comments?post=5732"}],"version-history":[{"count":24,"href":"https:\/\/originalecopatents.com\/sr\/wp-json\/wp\/v2\/pages\/5732\/revisions"}],"predecessor-version":[{"id":6206,"href":"https:\/\/originalecopatents.com\/sr\/wp-json\/wp\/v2\/pages\/5732\/revisions\/6206"}],"wp:attachment":[{"href":"https:\/\/originalecopatents.com\/sr\/wp-json\/wp\/v2\/media?parent=5732"}],"curies":[{"name":"wp","href":"https:\/\/api.w.org\/{rel}","templated":true}]}}