{"id":5778,"date":"2023-11-10T11:42:10","date_gmt":"2023-11-10T10:42:10","guid":{"rendered":"https:\/\/originalecopatents.com\/%d1%84%d0%be%d0%bb%d0%b8%d1%81%d1%83-%d0%b0%d0%b1%d1%84%d0%bf\/"},"modified":"2023-12-21T00:22:17","modified_gmt":"2023-12-20T23:22:17","slug":"%d1%84%d0%be%d0%bb%d0%b8%d1%81%d1%83-%d0%b0%d0%b1%d1%84%d0%bf","status":"publish","type":"page","link":"https:\/\/originalecopatents.com\/sr\/%d1%84%d0%be%d0%bb%d0%b8%d1%81%d1%83-%d0%b0%d0%b1%d1%84%d0%bf\/","title":{"rendered":"Folisu ABFP"},"content":{"rendered":"\t\t<div data-elementor-type=\"wp-page\" data-elementor-id=\"5778\" class=\"elementor elementor-5778 elementor-4497\">\n\t\t\t\t        <section class=\"elementor-section elementor-top-section elementor-element elementor-element-b062428 elementor-section-stretched elementor-section-boxed elementor-section-height-default elementor-section-height-default ct-header-fixed-none ct-row-max-none\" data-id=\"b062428\" data-element_type=\"section\" data-settings=\"{&quot;stretch_section&quot;:&quot;section-stretched&quot;}\">\n            \n                        <div class=\"elementor-container elementor-column-gap-no \">\n                    <div class=\"elementor-column elementor-col-100 elementor-top-column elementor-element elementor-element-d1b00f0\" data-id=\"d1b00f0\" data-element_type=\"column\">\n        <div class=\"elementor-widget-wrap elementor-element-populated\">\n                    \n        \t\t<div class=\"elementor-element elementor-element-ff4ecb2 elementor-widget elementor-widget-ct_text_box\" data-id=\"ff4ecb2\" data-element_type=\"widget\" data-widget_type=\"ct_text_box.default\">\n\t\t\t\t<div class=\"elementor-widget-container\">\n\t\t\t<div class=\"ct-text-box ct-text-box-layout1 wow bounce\">\r\n    <div class=\"ct-text-box-inner\">\r\n        <div class=\"item--sub-title\"><\/div>\r\n        <h3 class=\"item--title\">\r\n            FoliSu \u2013 ABFP (A, B &amp; Fire Protection)        <\/h3>\r\n        <div class=\"item--description\"><b>Sredstvo za ga\u0161enje po\u017eara klase A i B, za\u0161tita \u0161uma - ABFP (A, B za za\u0161titu \u0161uma)<br><\/b>\n\nSredstvo za ga\u0161enje po\u017eara klase A i B, prevenciju \u0161umskih po\u017eara, u skladu sa standardom EN 1568-3:2018, namenjeno za profesionalnu upotrebu. <br>Namenski je osmi\u0161ljeno za ga\u0161enje po\u017eara pomo\u0107u PP aparata (vatrogasnog aparata) i za upotrebu u vatrogasnim vozilima. Tako\u0111e se mo\u017ee koristiti helikopterima i avionskim cisternama za ga\u0161enje i prevenciju \u0161umskih po\u017eara.<br><br>\n\n<b>Sredstvo za ga\u0161enje po\u017eara klase A i B; za\u0161tita od \u0161umskih po\u017eara:<br><\/b>\n\nProizvod za ga\u0161enje po\u017eara klase A i B, kao i prevenciju \u0161umskih po\u017eara, prilago\u0111en je i uskla\u0111en sa standardom EN 1568-3:2018. Ova priprema predstavlja profesionalno razvijeni alat za ga\u0161enje po\u017eara klase A i B, koji obuhvata razli\u010dite vrste zapaljivih materijala i te\u010dnosti, \u0161to ga \u010dini \u0161iroko primenjivim za suzbijanje razli\u010ditih po\u017earnih incidenata.<br>\n<b>Defini\u0161u\u0107a karakteristika:<br>\n<\/b>\nDefini\u0161u\u0107a karakteristika ovog proizvoda je mogu\u0107nost kori\u0161\u0107enja za ga\u0161enje po\u017eara uz pomo\u0107 vatrogasnih aparata razli\u010ditih veli\u010dina, \u0161to omogu\u0107ava brzo i efikasno suzbijanje po\u017eara u razli\u010ditim scenarijima. Tako\u0111e je prilago\u0111en za upotrebu u vatrogasnim vozilima, \u010dine\u0107i ga visoko korisnim i prakti\u010dnim u profesionalnim vatrogasnim jedinicama.<br>\nDodatno, ova priprema se mo\u017ee primeniti helikopterima i specijalizovanim avionima- avionskim cisternama za ga\u0161enje i prevenciju \u0161umskih po\u017eara. <br><br>Njegova efikasna upotreba u ovim scenarijima igra klju\u010dnu ulogu u za\u0161titi \u0161uma i spre\u010davanju \u0161irenja po\u017eara na velikim povr\u0161inama. Spajanje ovih sposobnosti sa standardom EN 1568-3:2018 obezbe\u0111uje visok nivo pouzdanosti i efikasnosti kako u profesionalnim, tako i u vanrednim situacijama ga\u0161enja po\u017eara.<br><br>\n<b>Ekolo\u0161ki prihvatljiv prirodni proizvod:\n<\/b><br>\nOvo sredstvo se kvalifikuje kao ekolo\u0161ki prihvatljiv prirodni proizvod jer poti\u010de od prirodnih elemenata i jedinjenja dobijenih specijalnim procesom. <br><br><b>Primena Folisu ABFP je za ga\u0161enje slede\u0107ih po\u017eara:\n<\/b><br>\nPo\u017eara klase A<br>\nPo\u017eara klase B<br>\nZa spre\u010davanje \u0161irenja \u0161umskih po\u017eara (preventivno i ga\u0161enje).<br><br>\n<b>PRO\u010cITAJTE OVO:<br><\/b>\n\nMetoda punjenja: Vatrogasni aparat oblo\u017een unutra\u0161njosti PVC oblogom treba napuniti u odnosu 1:2 delova vode. Glava ure\u0111aja se pravilno zavrne, zatim se napuni azotom pod propisanim pritiskom.<br><br>\n\nNapomena: Za vatrogasna vozila, ovo sredstvo se koristi u kombinaciji sa sistemom za me\u0161anje pene sa vodom u odnosu 1:10. Me\u0161avina se nanosi na zapaljive povr\u0161ine pomo\u0107u odgovaraju\u0107e mlaznice, kao i na podru\u010dja koja jo\u0161 nisu pogo\u0111ena po\u017earom kako bi se zaustavilo i spre\u010dilo dalje \u0161irenje vatre.<br><br>\n\n\u010cuvati sredstvo na temperaturama izme\u0111u 0 i +40\u00b0C.\n<br>\nPakovanje: Dostupne su kanistere od 20 kg, ve\u0107e ambala\u017ee su mogu\u0107e - po zahtevu kupca.\n<br>\nRok trajanja je 2 godine u originalnom pakovanju i pravilno skladi\u0161teno.<\/div>\r\n            <\/div>\r\n<\/div>\t\t<\/div>\n\t\t\t\t<\/div>\n\t\t            <\/div>\n        <\/div>\n                    <\/div>\n        <\/section>\n                <section class=\"elementor-section elementor-top-section elementor-element elementor-element-5a66861 elementor-section-boxed elementor-section-height-default elementor-section-height-default ct-header-fixed-none ct-row-max-none\" data-id=\"5a66861\" data-element_type=\"section\">\n            \n                        <div class=\"elementor-container elementor-column-gap-default \">\n                    <div class=\"elementor-column elementor-col-100 elementor-top-column elementor-element elementor-element-1bb4775\" data-id=\"1bb4775\" data-element_type=\"column\">\n        <div class=\"elementor-widget-wrap elementor-element-populated\">\n                    \n        \t\t<div class=\"elementor-element elementor-element-65f7107 elementor-widget elementor-widget-heading\" data-id=\"65f7107\" data-element_type=\"widget\" data-widget_type=\"heading.default\">\n\t\t\t\t<div class=\"elementor-widget-container\">\n\t\t\t<h2 class=\"elementor-heading-title elementor-size-default\">Folisu ABFP<\/h2>\t\t<\/div>\n\t\t\t\t<\/div>\n\t\t            <\/div>\n        <\/div>\n                    <\/div>\n        <\/section>\n                <section class=\"elementor-section elementor-top-section elementor-element elementor-element-d750624 elementor-section-boxed elementor-section-height-default elementor-section-height-default ct-header-fixed-none ct-row-max-none\" data-id=\"d750624\" data-element_type=\"section\">\n            \n                        <div class=\"elementor-container elementor-column-gap-default \">\n                    <div class=\"elementor-column elementor-col-100 elementor-top-column elementor-element elementor-element-04907e7\" data-id=\"04907e7\" data-element_type=\"column\">\n        <div class=\"elementor-widget-wrap\">\n                    \n                    <\/div>\n        <\/div>\n                    <\/div>\n        <\/section>\n                <section class=\"elementor-section elementor-top-section elementor-element elementor-element-057bb4b elementor-section-boxed elementor-section-height-default elementor-section-height-default ct-header-fixed-none ct-row-max-none\" data-id=\"057bb4b\" data-element_type=\"section\">\n            \n                        <div class=\"elementor-container elementor-column-gap-default \">\n                    <div class=\"elementor-column elementor-col-100 elementor-top-column elementor-element elementor-element-e73ec4e\" data-id=\"e73ec4e\" data-element_type=\"column\">\n        <div class=\"elementor-widget-wrap elementor-element-populated\">\n                    \n        \t\t<div class=\"elementor-element elementor-element-bde4372 elementor-widget elementor-widget-video\" data-id=\"bde4372\" data-element_type=\"widget\" data-settings=\"{&quot;video_type&quot;:&quot;hosted&quot;,&quot;controls&quot;:&quot;yes&quot;}\" data-widget_type=\"video.default\">\n\t\t\t\t<div class=\"elementor-widget-container\">\n\t\t\t\t\t<div class=\"e-hosted-video elementor-wrapper elementor-open-inline\">\n\t\t\t\t\t<video class=\"elementor-video\" src=\"http:\/\/originalecopatents.com\/wp-content\/uploads\/2023\/11\/Folisu-ABC-video-presentation.mp4\" controls=\"\" preload=\"metadata\" controlsList=\"nodownload\"><\/video>\n\t\t\t\t<\/div>\n\t\t\t\t<\/div>\n\t\t\t\t<\/div>\n\t\t            <\/div>\n        <\/div>\n                    <\/div>\n        <\/section>\n        \t\t<\/div>\n\t\t","protected":false},"excerpt":{"rendered":"<p>FoliSu \u2013 ABFP (A, B &amp; Fire Protection) Sredstvo za ga\u0161enje po\u017eara klase A i B, za\u0161tita \u0161uma &#8211; ABFP (A, B za za\u0161titu \u0161uma) Sredstvo za ga\u0161enje po\u017eara klase A i B, prevenciju \u0161umskih po\u017eara, u skladu sa standardom EN 1568-3:2018, namenjeno za profesionalnu upotrebu. Namenski je osmi\u0161ljeno za ga\u0161enje po\u017eara pomo\u0107u PP aparata [&hellip;]<\/p>\n","protected":false},"author":1,"featured_media":0,"parent":0,"menu_order":0,"comment_status":"closed","ping_status":"closed","template":"","meta":{"footnotes":""},"_links":{"self":[{"href":"https:\/\/originalecopatents.com\/sr\/wp-json\/wp\/v2\/pages\/5778"}],"collection":[{"href":"https:\/\/originalecopatents.com\/sr\/wp-json\/wp\/v2\/pages"}],"about":[{"href":"https:\/\/originalecopatents.com\/sr\/wp-json\/wp\/v2\/types\/page"}],"author":[{"embeddable":true,"href":"https:\/\/originalecopatents.com\/sr\/wp-json\/wp\/v2\/users\/1"}],"replies":[{"embeddable":true,"href":"https:\/\/originalecopatents.com\/sr\/wp-json\/wp\/v2\/comments?post=5778"}],"version-history":[{"count":5,"href":"https:\/\/originalecopatents.com\/sr\/wp-json\/wp\/v2\/pages\/5778\/revisions"}],"predecessor-version":[{"id":6147,"href":"https:\/\/originalecopatents.com\/sr\/wp-json\/wp\/v2\/pages\/5778\/revisions\/6147"}],"wp:attachment":[{"href":"https:\/\/originalecopatents.com\/sr\/wp-json\/wp\/v2\/media?parent=5778"}],"curies":[{"name":"wp","href":"https:\/\/api.w.org\/{rel}","templated":true}]}}