{"id":6356,"date":"2023-12-28T11:51:34","date_gmt":"2023-12-28T10:51:34","guid":{"rendered":"https:\/\/originalecopatents.com\/%d1%84%d0%be%d0%bb%d0%b8%d1%81%d1%83-%d0%b7%d0%b0-%d0%b2%d0%be%d1%9b%d0%b5\/"},"modified":"2023-12-28T13:24:27","modified_gmt":"2023-12-28T12:24:27","slug":"%d1%84%d0%be%d0%bb%d0%b8%d1%81%d1%83-%d0%b7%d0%b0-%d0%b2%d0%be%d1%9b%d0%b5","status":"publish","type":"page","link":"https:\/\/originalecopatents.com\/sr\/%d1%84%d0%be%d0%bb%d0%b8%d1%81%d1%83-%d0%b7%d0%b0-%d0%b2%d0%be%d1%9b%d0%b5\/","title":{"rendered":"FOLISU ZA VO\u0106E"},"content":{"rendered":"\t\t<div data-elementor-type=\"wp-page\" data-elementor-id=\"6356\" class=\"elementor elementor-6356 elementor-6331\">\n\t\t\t\t        <section class=\"elementor-section elementor-top-section elementor-element elementor-element-a57c387 elementor-section-boxed elementor-section-height-default elementor-section-height-default ct-header-fixed-none ct-row-max-none\" data-id=\"a57c387\" data-element_type=\"section\">\n            \n                        <div class=\"elementor-container elementor-column-gap-default \">\n                    <div class=\"elementor-column elementor-col-100 elementor-top-column elementor-element elementor-element-f3d3ca4\" data-id=\"f3d3ca4\" data-element_type=\"column\">\n        <div class=\"elementor-widget-wrap elementor-element-populated\">\n                    \n        \t\t<div class=\"elementor-element elementor-element-fb0b11f elementor-widget elementor-widget-slider_revolution\" data-id=\"fb0b11f\" data-element_type=\"widget\" data-widget_type=\"slider_revolution.default\">\n\t\t\t\t<div class=\"elementor-widget-container\">\n\t\t\t\n\t\t<div class=\"wp-block-themepunch-revslider\">\n\t\t\t<!-- START Folisu za vo\u0107e srp REVOLUTION SLIDER 6.7.23 --><p class=\"rs-p-wp-fix\"><\/p>\n\t\t\t<rs-module-wrap id=\"rev_slider_5_1_wrapper\" data-source=\"gallery\" style=\"visibility:hidden;background:transparent;padding:0;margin:0px auto;margin-top:0;margin-bottom:0;\">\n\t\t\t\t<rs-module id=\"rev_slider_5_1\" style=\"\" data-version=\"6.7.23\">\n\t\t\t\t\t<rs-slides style=\"overflow: hidden; position: absolute;\">\n\t\t\t\t\t\t<rs-slide style=\"position: absolute;\" data-key=\"rs-6\" data-title=\"Slide\" data-in=\"o:0;\" data-out=\"a:false;\">\n\t\t\t\t\t\t\t<img fetchpriority=\"high\" decoding=\"async\" src=\"\/\/originalecopatents.com\/wp-content\/plugins\/revslider\/sr6\/assets\/assets\/dummy.png\" alt=\"\" title=\"11289\" width=\"1500\" height=\"841\" class=\"rev-slidebg tp-rs-img rs-lazyload\" data-lazyload=\"\/\/originalecopatents.com\/wp-content\/uploads\/2023\/12\/11289.jpg\" data-no-retina>\n<!--\n\t\t\t\t\t\t\t--><rs-group\n\t\t\t\t\t\t\t\tid=\"slider-5-slide-6-layer-0\" \n\t\t\t\t\t\t\t\tdata-type=\"group\"\n\t\t\t\t\t\t\t\tdata-xy=\"xo:30px,30px,20px,20px;y:m;yo:43px,43px,0,0;\"\n\t\t\t\t\t\t\t\tdata-text=\"w:normal;s:20,16,12,7;l:0,20,15,9;\"\n\t\t\t\t\t\t\t\tdata-dim=\"w:800px;h:410px,410px,290px,290px;\"\n\t\t\t\t\t\t\t\tdata-rsp_bd=\"off\"\n\t\t\t\t\t\t\t\tdata-frame_0=\"o:1;\"\n\t\t\t\t\t\t\t\tdata-frame_999=\"o:0;st:w;sR:8700;sA:9000;\"\n\t\t\t\t\t\t\t\tstyle=\"z-index:8;\"\n\t\t\t\t\t\t\t><!--\n\t\t\t\t\t\t\t\t--><rs-layer\n\t\t\t\t\t\t\t\t\tid=\"slider-5-slide-6-layer-4\" \n\t\t\t\t\t\t\t\t\tdata-type=\"text\"\n\t\t\t\t\t\t\t\t\tdata-xy=\"xo:22px;yo:352px,352px,234px,234px;\"\n\t\t\t\t\t\t\t\t\tdata-pos=\"a\"\n\t\t\t\t\t\t\t\t\tdata-text=\"w:normal;s:20,20,20,16;l:25,25,25,16;\"\n\t\t\t\t\t\t\t\t\tdata-rsp_o=\"off\"\n\t\t\t\t\t\t\t\t\tdata-rsp_bd=\"off\"\n\t\t\t\t\t\t\t\t\tdata-frame_0=\"x:50;\"\n\t\t\t\t\t\t\t\t\tdata-frame_1=\"st:1300;sp:800;sR:1300;\"\n\t\t\t\t\t\t\t\t\tdata-frame_999=\"o:0;st:w;sR:6900;\"\n\t\t\t\t\t\t\t\t\tstyle=\"z-index:7;font-family:'Roboto';\"\n\t\t\t\t\t\t\t\t> \n\t\t\t\t\t\t\t\t<\/rs-layer><!--\n\n\t\t\t\t\t\t\t\t--><rs-layer\n\t\t\t\t\t\t\t\t\tid=\"slider-5-slide-6-layer-3\" \n\t\t\t\t\t\t\t\t\tdata-type=\"text\"\n\t\t\t\t\t\t\t\t\tdata-xy=\"yo:229px,229px,136px,136px;\"\n\t\t\t\t\t\t\t\t\tdata-pos=\"a\"\n\t\t\t\t\t\t\t\t\tdata-text=\"w:normal;s:19,19,16,15;l:31,31,28,28;fw:700;\"\n\t\t\t\t\t\t\t\t\tdata-dim=\"w:380px,380px,360px,320px;\"\n\t\t\t\t\t\t\t\t\tdata-rsp_o=\"off\"\n\t\t\t\t\t\t\t\t\tdata-rsp_bd=\"off\"\n\t\t\t\t\t\t\t\t\tdata-frame_0=\"y:50;\"\n\t\t\t\t\t\t\t\t\tdata-frame_1=\"st:1100;sp:800;sR:1100;\"\n\t\t\t\t\t\t\t\t\tdata-frame_999=\"o:0;st:w;sR:7100;\"\n\t\t\t\t\t\t\t\t\tstyle=\"z-index:6;font-family:'Roboto';\"\n\t\t\t\t\t\t\t\t> \n\t\t\t\t\t\t\t\t<\/rs-layer><!--\n\t\t\t\t\t\t\t--><\/rs-group><!--\n\n\t\t\t\t\t\t\t--><rs-layer\n\t\t\t\t\t\t\t\tid=\"slider-5-slide-6-layer-1\" \n\t\t\t\t\t\t\t\tdata-type=\"text\"\n\t\t\t\t\t\t\t\tdata-color=\"#0c0c0c\"\n\t\t\t\t\t\t\t\tdata-xy=\"xo:36;yo:189;\"\n\t\t\t\t\t\t\t\tdata-text=\"w:normal;s:16;l:28;fw:700;\"\n\t\t\t\t\t\t\t\tdata-rsp_o=\"off\"\n\t\t\t\t\t\t\t\tdata-rsp_bd=\"off\"\n\t\t\t\t\t\t\t\tdata-frame_0=\"x:50;\"\n\t\t\t\t\t\t\t\tdata-frame_1=\"st:700;sp:800;sR:700;\"\n\t\t\t\t\t\t\t\tdata-frame_999=\"o:0;st:w;sR:7500;\"\n\t\t\t\t\t\t\t\tstyle=\"z-index:7;font-family:'Roboto';text-transform:uppercase;\"\n\t\t\t\t\t\t\t>Original Eco Patents \n\t\t\t\t\t\t\t<\/rs-layer><!--\n\n\t\t\t\t\t\t\t--><rs-layer\n\t\t\t\t\t\t\t\tid=\"slider-5-slide-6-layer-2\" \n\t\t\t\t\t\t\t\tdata-type=\"text\"\n\t\t\t\t\t\t\t\tdata-color=\"#0c0c0c\"\n\t\t\t\t\t\t\t\tdata-xy=\"xo:32;yo:217;\"\n\t\t\t\t\t\t\t\tdata-text=\"w:normal;s:75,75,40,38;l:85,85,45,45;fw:700;\"\n\t\t\t\t\t\t\t\tdata-dim=\"w:872px;\"\n\t\t\t\t\t\t\t\tdata-rsp_o=\"off\"\n\t\t\t\t\t\t\t\tdata-wrpcls=\"text-under-color1\"\n\t\t\t\t\t\t\t\tdata-rsp_bd=\"off\"\n\t\t\t\t\t\t\t\tdata-frame_0=\"y:50;\"\n\t\t\t\t\t\t\t\tdata-frame_1=\"st:900;sp:800;sR:900;\"\n\t\t\t\t\t\t\t\tdata-frame_999=\"o:0;st:w;sR:7300;\"\n\t\t\t\t\t\t\t\tstyle=\"z-index:6;font-family:'Poppins';\"\n\t\t\t\t\t\t\t><u>FOLISU ZA VO\u0106E<\/u> <br \/>\n<u> \n\t\t\t\t\t\t\t<\/rs-layer><!--\n\n\t\t\t\t\t\t\t--><rs-layer\n\t\t\t\t\t\t\t\tid=\"slider-5-slide-6-layer-6\" \n\t\t\t\t\t\t\t\tdata-type=\"text\"\n\t\t\t\t\t\t\t\tdata-xy=\"xo:100px;y:b;yo:40px;\"\n\t\t\t\t\t\t\t\tdata-text=\"w:normal;s:20,16,12,7;l:25,20,15,9;\"\n\t\t\t\t\t\t\t\tdata-basealign=\"slide\"\n\t\t\t\t\t\t\t\tdata-rsp_o=\"off\"\n\t\t\t\t\t\t\t\tdata-rsp_bd=\"off\"\n\t\t\t\t\t\t\t\tdata-frame_0=\"y:50;\"\n\t\t\t\t\t\t\t\tdata-frame_1=\"st:1700;sp:1000;sR:1700;\"\n\t\t\t\t\t\t\t\tdata-frame_999=\"o:0;st:w;sR:6300;\"\n\t\t\t\t\t\t\t\tstyle=\"z-index:9;font-family:'Roboto';\"\n\t\t\t\t\t\t\t> \n\t\t\t\t\t\t\t<\/rs-layer><!--\n-->\t\t\t\t\t<\/rs-slide>\n\t\t\t\t\t<\/rs-slides>\n\t\t\t\t<\/rs-module>\n\t\t\t\t<script>\n\t\t\t\t\tsetREVStartSize({c: 'rev_slider_5_1',rl:[1240,1024,778,480],el:[912,912,680,560],gw:[1230,1024,778,480],gh:[912,912,680,560],type:'standard',justify:'',layout:'fullwidth',mh:\"0\"});if (window.RS_MODULES!==undefined && window.RS_MODULES.modules!==undefined && window.RS_MODULES.modules[\"revslider51\"]!==undefined) {window.RS_MODULES.modules[\"revslider51\"].once = false;window.revapi5 = undefined;if (window.RS_MODULES.checkMinimal!==undefined) window.RS_MODULES.checkMinimal()}\n\t\t\t\t<\/script>\n\t\t\t<\/rs-module-wrap>\n\t\t\t<!-- END REVOLUTION SLIDER -->\n<\/div>\n\n\t\t\t\t<\/div>\n\t\t\t\t<\/div>\n\t\t            <\/div>\n        <\/div>\n                    <\/div>\n        <\/section>\n                <section class=\"elementor-section elementor-top-section elementor-element elementor-element-5074886 elementor-section-boxed elementor-section-height-default elementor-section-height-default ct-header-fixed-none ct-row-max-none\" data-id=\"5074886\" data-element_type=\"section\">\n            \n                        <div class=\"elementor-container elementor-column-gap-default \">\n                    <div class=\"elementor-column elementor-col-100 elementor-top-column elementor-element elementor-element-2f895ec\" data-id=\"2f895ec\" data-element_type=\"column\">\n        <div class=\"elementor-widget-wrap elementor-element-populated\">\n                    \n        \t\t<div class=\"elementor-element elementor-element-aa0a008 elementor-widget elementor-widget-text-editor\" data-id=\"aa0a008\" data-element_type=\"widget\" data-widget_type=\"text-editor.default\">\n\t\t\t\t<div class=\"elementor-widget-container\">\n\t\t\t\t\t\t\t<p>Ovaj proizvod je tako\u0111e bezbedan za upotrebu na vo\u0107u.<br \/>Proizveden je posebnim tehnolo\u0161kim procesom koriste\u0107i prirodne sastojke koji uklju\u010duju oba<br \/>makroelementi i mikroelementi za rast biljaka.<br \/>Primena ovog proizvoda ne zahteva posebne mere za\u0161tite po\u0161to je ekolo\u0161ki<br \/>prijateljski.<br \/>Biljke mogu da koriste vlagu iz vazduha i da je transportuju do korena kroz li\u0161\u0107e i stabljiku.<br \/>Biljka se tada pona\u0161a kao da je evoluirala jer ima sposobnost da koristi vlagu iz<br \/>vazduh i na taj na\u010din obezbediti dnevnu minimalnu koli\u010dinu vlage za odr\u017eavanje vegetativnog ciklusa,<br \/>\u0161to rezultira dobrim prinosom i kvalitetom useva.<br \/>Poljoprivredni fakultet u Beogradu je dao pozitivno mi\u0161ljenje, pod brojem 40\/121-4,<br \/>I izvr\u0161io klasifikaciju proizvoda kao folijarno sredstvo.<br \/>Proizvod je registrovan za proizvodnju u Ministarstvu poljoprivrede potvrdom o registraciji<br \/>broj 321-01-01592\/2022-11 i progla\u0161en je ekolo\u0161kim proizvodom od strane Ministarstva<br \/>za\u0161tite \u017eivotne sredine pod brojem sertifikata: 011-00-000682\/2022.<br \/>Ovaj proizvod obezbe\u0111uje dobar prinos i kvalitet biljaka.<br \/>Ovaj proizvod je namenjen za folijarno tretiranje standardnim prskalicama u koli\u010dini od 5 kg\/ha.<br \/>Proizvod treba pome\u0161ati sa vodom u razmeri 1:60.<br \/>Proizvod treba primeniti do \u010detiri puta u toku vegetativnog ciklusa prema tabeli koja je prikazana<br \/>na\u010din koji ukazuje na metod tretmana za odre\u0111ene useve.<\/p>\n\t\t\t\t\t\t<\/div>\n\t\t\t\t<\/div>\n\t\t            <\/div>\n        <\/div>\n                    <\/div>\n        <\/section>\n                <section class=\"elementor-section elementor-top-section elementor-element elementor-element-6b18645 elementor-section-boxed elementor-section-height-default elementor-section-height-default ct-header-fixed-none ct-row-max-none\" data-id=\"6b18645\" data-element_type=\"section\">\n            \n                        <div class=\"elementor-container elementor-column-gap-default \">\n                    <div class=\"elementor-column elementor-col-100 elementor-top-column elementor-element elementor-element-04fff98\" data-id=\"04fff98\" data-element_type=\"column\">\n        <div class=\"elementor-widget-wrap elementor-element-populated\">\n                    \n        \t\t<div class=\"elementor-element elementor-element-5e9ef6c elementor-widget elementor-widget-image\" data-id=\"5e9ef6c\" data-element_type=\"widget\" data-widget_type=\"image.default\">\n\t\t\t\t<div class=\"elementor-widget-container\">\n\t\t\t\t\t\t\t\t\t\t\t\t\t<img decoding=\"async\" width=\"640\" height=\"454\" src=\"https:\/\/originalecopatents.com\/wp-content\/uploads\/2023\/12\/Tabela-dupla-1024x726.png\" class=\"attachment-large size-large wp-image-4911\" alt=\"\" srcset=\"https:\/\/originalecopatents.com\/wp-content\/uploads\/2023\/12\/Tabela-dupla-1024x726.png 1024w, https:\/\/originalecopatents.com\/wp-content\/uploads\/2023\/12\/Tabela-dupla-300x213.png 300w, https:\/\/originalecopatents.com\/wp-content\/uploads\/2023\/12\/Tabela-dupla-768x544.png 768w, https:\/\/originalecopatents.com\/wp-content\/uploads\/2023\/12\/Tabela-dupla-600x425.png 600w, https:\/\/originalecopatents.com\/wp-content\/uploads\/2023\/12\/Tabela-dupla.png 1191w\" sizes=\"(max-width: 640px) 100vw, 640px\" \/>\t\t\t\t\t\t\t\t\t\t\t\t\t<\/div>\n\t\t\t\t<\/div>\n\t\t            <\/div>\n        <\/div>\n                    <\/div>\n        <\/section>\n        \t\t<\/div>\n\t\t","protected":false},"excerpt":{"rendered":"<p>Ovaj proizvod je tako\u0111e bezbedan za upotrebu na vo\u0107u.Proizveden je posebnim tehnolo\u0161kim procesom koriste\u0107i prirodne sastojke koji uklju\u010duju obamakroelementi i mikroelementi za rast biljaka.Primena ovog proizvoda ne zahteva posebne mere za\u0161tite po\u0161to je ekolo\u0161kiprijateljski.Biljke mogu da koriste vlagu iz vazduha i da je transportuju do korena kroz li\u0161\u0107e i stabljiku.Biljka se tada pona\u0161a kao da [&hellip;]<\/p>\n","protected":false},"author":1,"featured_media":6090,"parent":0,"menu_order":0,"comment_status":"closed","ping_status":"closed","template":"elementor_header_footer","meta":{"footnotes":""},"_links":{"self":[{"href":"https:\/\/originalecopatents.com\/sr\/wp-json\/wp\/v2\/pages\/6356"}],"collection":[{"href":"https:\/\/originalecopatents.com\/sr\/wp-json\/wp\/v2\/pages"}],"about":[{"href":"https:\/\/originalecopatents.com\/sr\/wp-json\/wp\/v2\/types\/page"}],"author":[{"embeddable":true,"href":"https:\/\/originalecopatents.com\/sr\/wp-json\/wp\/v2\/users\/1"}],"replies":[{"embeddable":true,"href":"https:\/\/originalecopatents.com\/sr\/wp-json\/wp\/v2\/comments?post=6356"}],"version-history":[{"count":6,"href":"https:\/\/originalecopatents.com\/sr\/wp-json\/wp\/v2\/pages\/6356\/revisions"}],"predecessor-version":[{"id":6370,"href":"https:\/\/originalecopatents.com\/sr\/wp-json\/wp\/v2\/pages\/6356\/revisions\/6370"}],"wp:featuredmedia":[{"embeddable":true,"href":"https:\/\/originalecopatents.com\/sr\/wp-json\/wp\/v2\/media\/6090"}],"wp:attachment":[{"href":"https:\/\/originalecopatents.com\/sr\/wp-json\/wp\/v2\/media?parent=6356"}],"curies":[{"name":"wp","href":"https:\/\/api.w.org\/{rel}","templated":true}]}}